{"id":218,"date":"2026-03-08T00:49:36","date_gmt":"2026-03-08T00:49:36","guid":{"rendered":"https:\/\/lapavonatortuguero.com\/about\/"},"modified":"2026-03-31T21:24:21","modified_gmt":"2026-03-31T21:24:21","slug":"nosotros","status":"publish","type":"page","link":"https:\/\/lapavonatortuguero.com\/es\/nosotros\/","title":{"rendered":"Nosotros"},"content":{"rendered":"<div data-spectra-id=\"f6474934\"\tstyle=\"overflow: visible; --spectra-background-gradient: linear-gradient(180deg, var(--ast-global-color-1) 0%, var(--ast-global-color-0) 100%); --spectra-overlay-opacity: 0.6;\" class=\"spectra-is-root-container alignfull spectra-overlay-color spectra-overflow spectra-background-gradient spectra-dim-ratio wp-block-spectra-container\" data-orientation=\"vertical\"\t>\n\t\n<div data-spectra-id=\"spectra-mgrsy8vi-3hchhv\" style=\"overflow: visible\" class=\"spectra-overlay-color spectra-overflow wp-block-spectra-container\" data-orientation=\"vertical\">\n\t\n\t<h1 data-spectra-id=\"spectra-b47deef7-heading\" style=\"--spectra-text-color: var(--ast-global-color-5)\" class=\"has-text-color spectra-text-color wp-block-spectra-content has-text-color has-var-ast-global-color-5-color\">\n\t\tSu Log\u00edstica de Confianza a Tortuguero\t<\/h1>\n\n<\/div>\n\n<\/div>\n\n\n<div data-spectra-id=\"spectra-mgrtmh30-x64d12\"\tstyle=\"overflow: visible; --spectra-background-color: var(--ast-global-color-5);\" class=\"spectra-is-root-container alignfull spectra-overlay-color spectra-overflow spectra-background-color wp-block-spectra-container\" data-orientation=\"horizontal\"\t>\n\t\n<div data-spectra-id=\"spectra-mgrtmkvn-npn2o6\" style=\"overflow: visible\" class=\"spectra-overlay-color spectra-overflow wp-block-spectra-container\" data-orientation=\"vertical\">\n\t\n<div data-spectra-id=\"spectra-mgrtmmjx-3dj45c\" style=\"overflow: visible\" class=\"spectra-overlay-color spectra-overflow wp-block-spectra-container\" data-orientation=\"vertical\">\n\t\n\t<h2 data-spectra-id=\"spectra-mgrtnr8u-l21b9s\" style=\"--spectra-text-color: ast-global-color-0\" class=\"has-text-color has-link-color spectra-text-color wp-elements-51be3c443956519cb083f98944cd1e9a wp-block-spectra-content has-text-color has-ast-global-color-0-color\">\n\t\tM\u00e1s de una d\u00e9cada conectando Tortuguero\t<\/h2>\n\n<\/div>\n\n\n<div data-spectra-id=\"spectra-mgrtmmjz-sm8avc\" style=\"overflow: visible\" class=\"spectra-overlay-color spectra-overflow wp-block-spectra-container\" data-orientation=\"vertical\">\n\t\n\t<p data-spectra-id=\"spectra-mgrtpjjf-41chyl\" class=\"wp-block-spectra-content\">\n\t\tEn <strong>Transportes T7<\/strong>, no solo trasladamos pasajeros; somos el puente entre la comodidad de su viaje y la magia del Parque Nacional Tortuguero. Como empresa familiar nacida en la zona, entendemos que su aventura comienza desde el momento en que llega a La Pavona. Por eso, hemos perfeccionado un servicio integral que combina transporte fluvial seguro, parqueo privado 24\/7 y una log\u00edstica dise\u00f1ada para que usted solo se preocupe por disfrutar del paisaje\t<\/p>\n\n<\/div>\n\n<\/div>\n\n<\/div>\n\n\n<div data-spectra-id=\"spectra-mmmisldu-itfzvj\"\tstyle=\"overflow: hidden; --spectra-box-shadow: 0px 0px 0px 0px transparent;\" class=\"spectra-is-root-container alignfull spectra-overlay-color spectra-overflow spectra-box-shadow wp-block-spectra-container spectra-hide-tablet spectra-hide-mobile\" data-orientation=\"vertical\"\t>\n\t\n<div data-spectra-id=\"spectra-mmmisnje-sg9mk5\" style=\"overflow: visible\" class=\"spectra-overlay-color spectra-overflow wp-block-spectra-container\" data-orientation=\"vertical\">\n\t\n<div data-spectra-id=\"spectra-mgrv3pgk-1z6nq1\" style=\"overflow: auto\" class=\"spectra-is-root-container alignfull spectra-overlay-color is-vertical-desktop is-vertical-tablet-from-desktop is-vertical-mobile spectra-overflow wp-block-spectra-container\" data-orientation=\"vertical\">\n\t\n\t<h2 data-spectra-id=\"spectra-6e670204-heading\" style=\"--spectra-text-color: ast-global-color-0\" class=\"has-text-color spectra-text-color wp-block-spectra-content has-text-color has-ast-global-color-0-color\">\n\t\tMisi\u00f3n\t<\/h2>\n\n\n\n<div class=\"align wp-block-evib-icon-box\" id='evbIconBox-1' data-attributes='{&quot;icon&quot;:{&quot;isUpload&quot;:false,&quot;svg&quot;:&quot;&lt;svg xmlns=&#039;http:\\\/\\\/www.w3.org\\\/2000\\\/svg&#039; viewBox=&#039;0 0 576 512&#039;&gt;&lt;path d=&#039;M192 32c0-17.7 14.3-32 32-32H352c17.7 0 32 14.3 32 32V64h48c26.5 0 48 21.5 48 48V240l44.4 14.8c23.1 7.7 29.5 37.5 11.5 53.9l-101 92.6c-16.2 9.4-34.7 15.1-50.9 15.1c-19.6 0-40.8-7.7-59.2-20.3c-22.1-15.5-51.6-15.5-73.7 0c-17.1 11.8-38 20.3-59.2 20.3c-16.2 0-34.7-5.7-50.9-15.1l-101-92.6c-18-16.5-11.6-46.2 11.5-53.9L96 240V112c0-26.5 21.5-48 48-48h48V32zM160 218.7l107.8-35.9c13.1-4.4 27.3-4.4 40.5 0L416 218.7V128H160v90.7zM306.5 421.9C329 437.4 356.5 448 384 448c26.9 0 55.4-10.8 77.4-26.1l0 0c11.9-8.5 28.1-7.8 39.2 1.7c14.4 11.9 32.5 21 50.6 25.2c17.2 4 27.9 21.2 23.9 38.4s-21.2 27.9-38.4 23.9c-24.5-5.7-44.9-16.5-58.2-25C449.5 501.7 417 512 384 512c-31.9 0-60.6-9.9-80.4-18.9c-5.8-2.7-11.1-5.3-15.6-7.7c-4.5 2.4-9.7 5.1-15.6 7.7c-19.8 9-48.5 18.9-80.4 18.9c-33 0-65.5-10.3-94.5-25.8c-13.4 8.4-33.7 19.3-58.2 25c-17.2 4-34.4-6.7-38.4-23.9s6.7-34.4 23.9-38.4c18.1-4.2 36.2-13.3 50.6-25.2c11.1-9.4 27.3-10.1 39.2-1.7l0 0C136.7 437.2 165.1 448 192 448c27.5 0 55-10.6 77.5-26.1c11.1-7.9 25.9-7.9 37 0z&#039;\\\/&gt;&lt;\\\/svg&gt;&quot;,&quot;img&quot;:&quot;&quot;,&quot;imgFit&quot;:&quot;&quot;,&quot;label&quot;:&quot;&quot;,&quot;width&quot;:{&quot;desktop&quot;:&quot;30px&quot;,&quot;tablet&quot;:&quot;&quot;,&quot;mobile&quot;:&quot;&quot;},&quot;height&quot;:{&quot;desktop&quot;:&quot;30px&quot;,&quot;tablet&quot;:&quot;&quot;,&quot;mobile&quot;:&quot;&quot;},&quot;color&quot;:{&quot;normal&quot;:&quot;#fff&quot;,&quot;hover&quot;:&quot;&quot;},&quot;shadow&quot;:&quot;&quot;},&quot;advanced&quot;:{&quot;dimension&quot;:{&quot;padding&quot;:{&quot;desktop&quot;:&quot;15px 15px 15px 15px&quot;,&quot;tablet&quot;:&quot;&quot;,&quot;mobile&quot;:&quot;&quot;}},&quot;background&quot;:{&quot;normal&quot;:&quot;background-color: var(--ast-global-color-0);&quot;,&quot;hover&quot;:&quot;&quot;},&quot;frame&quot;:{&quot;radius&quot;:&quot;50%&quot;,&quot;normal&quot;:{&quot;radius&quot;:&quot;50px 50px 50px 50px&quot;}},&quot;animation&quot;:{&quot;type&quot;:&quot;&quot;},&quot;transitions&quot;:&quot;&quot;},&quot;align&quot;:&quot;&quot;,&quot;width&quot;:{&quot;desktop&quot;:&quot;&quot;,&quot;tablet&quot;:&quot;&quot;,&quot;mobile&quot;:&quot;&quot;},&quot;height&quot;:{&quot;desktop&quot;:&quot;&quot;,&quot;tablet&quot;:&quot;&quot;,&quot;mobile&quot;:&quot;&quot;},&quot;alignment&quot;:{&quot;desktop&quot;:&quot;center&quot;,&quot;tablet&quot;:&quot;&quot;,&quot;mobile&quot;:&quot;&quot;},&quot;TrpContentRestriction&quot;:{&quot;restriction_type&quot;:&quot;exclude&quot;,&quot;selected_languages&quot;:[],&quot;panel_open&quot;:true}}'><\/div>\n\n\t<p data-spectra-id=\"spectra-6e670204-desc\" style=\"--spectra-text-color: #3a3a3a\" class=\"has-text-color spectra-text-color wp-block-spectra-content has-text-color has-3-a-3-a-3-a-color\">\n\t\tOfrecer soluciones integrales de transporte fluvial y parqueo seguro a Tortuguero, enfocadas en la seguridad, la puntualidad y la satisfacci\u00f3n del cliente, contribuyendo al desarrollo sostenible de la comunidad.\t<\/p>\n\n<\/div>\n\n<\/div>\n\n\n<div data-spectra-id=\"spectra-mmmisnjk-77i7jf\" style=\"overflow: visible\" class=\"spectra-overlay-color spectra-overflow wp-block-spectra-container\" data-orientation=\"vertical\">\n\t\n<div data-spectra-id=\"spectra-mgrv3pgm-kqjwtz\" style=\"overflow: auto\" class=\"spectra-is-root-container alignfull spectra-overlay-color is-vertical-desktop is-vertical-tablet-from-desktop is-vertical-mobile spectra-overflow wp-block-spectra-container\" data-orientation=\"vertical\">\n\t\n\t<h2 data-spectra-id=\"spectra-heading-85427a9f\" style=\"--spectra-text-color: ast-global-color-0\" class=\"has-text-color spectra-text-color wp-block-spectra-content has-text-color has-ast-global-color-0-color\">\n\t\t<strong>Visi\u00f3n<\/strong>\t<\/h2>\n\n\n\n<div class=\"align wp-block-evib-icon-box\" id='evbIconBox-2' data-attributes='{&quot;icon&quot;:{&quot;isUpload&quot;:false,&quot;svg&quot;:&quot;&lt;svg xmlns=&#039;http:\\\/\\\/www.w3.org\\\/2000\\\/svg&#039; viewBox=&#039;0 0 16 16&#039;&gt;&lt;path d=&#039;M3 2.5A1.5 1.5 0 0 1 4.5 1h1A1.5 1.5 0 0 1 7 2.5V5h2V2.5A1.5 1.5 0 0 1 10.5 1h1A1.5 1.5 0 0 1 13 2.5v2.382a.5.5 0 0 0 .276.447l.895.447A1.5 1.5 0 0 1 15 7.118V14.5a1.5 1.5 0 0 1-1.5 1.5h-3A1.5 1.5 0 0 1 9 14.5v-3a.5.5 0 0 1 .146-.354l.854-.853V9.5a.5.5 0 0 0-.5-.5h-3a.5.5 0 0 0-.5.5v.793l.854.853A.5.5 0 0 1 7 11.5v3A1.5 1.5 0 0 1 5.5 16h-3A1.5 1.5 0 0 1 1 14.5V7.118a1.5 1.5 0 0 1 .83-1.342l.894-.447A.5.5 0 0 0 3 4.882zM4.5 2a.5.5 0 0 0-.5.5V3h2v-.5a.5.5 0 0 0-.5-.5zM6 4H4v.882a1.5 1.5 0 0 1-.83 1.342l-.894.447A.5.5 0 0 0 2 7.118V13h4v-1.293l-.854-.853A.5.5 0 0 1 5 10.5v-1A1.5 1.5 0 0 1 6.5 8h3A1.5 1.5 0 0 1 11 9.5v1a.5.5 0 0 1-.146.354l-.854.853V13h4V7.118a.5.5 0 0 0-.276-.447l-.895-.447A1.5 1.5 0 0 1 12 4.882V4h-2v1.5a.5.5 0 0 1-.5.5h-3a.5.5 0 0 1-.5-.5zm4-1h2v-.5a.5.5 0 0 0-.5-.5h-1a.5.5 0 0 0-.5.5zm4 11h-4v.5a.5.5 0 0 0 .5.5h3a.5.5 0 0 0 .5-.5zm-8 0H2v.5a.5.5 0 0 0 .5.5h3a.5.5 0 0 0 .5-.5z&#039;\\\/&gt;&lt;\\\/svg&gt;&quot;,&quot;img&quot;:&quot;&quot;,&quot;imgFit&quot;:&quot;&quot;,&quot;label&quot;:&quot;&quot;,&quot;width&quot;:{&quot;desktop&quot;:&quot;30px&quot;,&quot;tablet&quot;:&quot;&quot;,&quot;mobile&quot;:&quot;&quot;},&quot;height&quot;:{&quot;desktop&quot;:&quot;30px&quot;,&quot;tablet&quot;:&quot;&quot;,&quot;mobile&quot;:&quot;&quot;},&quot;color&quot;:{&quot;normal&quot;:&quot;#fff&quot;,&quot;hover&quot;:&quot;&quot;},&quot;shadow&quot;:&quot;&quot;},&quot;advanced&quot;:{&quot;dimension&quot;:{&quot;padding&quot;:{&quot;desktop&quot;:&quot;15px 15px 15px 15px&quot;,&quot;tablet&quot;:&quot;&quot;,&quot;mobile&quot;:&quot;&quot;}},&quot;background&quot;:{&quot;normal&quot;:&quot;background-color: var(--ast-global-color-0);&quot;,&quot;hover&quot;:&quot;&quot;},&quot;frame&quot;:{&quot;radius&quot;:&quot;50%&quot;,&quot;normal&quot;:{&quot;radius&quot;:&quot;50px 50px 50px 50px&quot;}},&quot;animation&quot;:{&quot;type&quot;:&quot;&quot;}},&quot;align&quot;:&quot;&quot;,&quot;width&quot;:{&quot;desktop&quot;:&quot;&quot;,&quot;tablet&quot;:&quot;&quot;,&quot;mobile&quot;:&quot;&quot;},&quot;height&quot;:{&quot;desktop&quot;:&quot;&quot;,&quot;tablet&quot;:&quot;&quot;,&quot;mobile&quot;:&quot;&quot;},&quot;alignment&quot;:{&quot;desktop&quot;:&quot;center&quot;,&quot;tablet&quot;:&quot;&quot;,&quot;mobile&quot;:&quot;&quot;},&quot;TrpContentRestriction&quot;:{&quot;restriction_type&quot;:&quot;exclude&quot;,&quot;selected_languages&quot;:[],&quot;panel_open&quot;:true}}'><\/div>\n\n\t<p data-spectra-id=\"spectra-desc-85427a9f\" style=\"--spectra-text-color: #3a3a3a\" class=\"has-text-color spectra-text-color wp-block-spectra-content has-text-color has-3-a-3-a-3-a-color\">\n\t\tSer reconocidos como la empresa l\u00edder y referente en log\u00edstica de transporte para Tortuguero, Costa Rica, distinguidos por la innovaci\u00f3n, la calidad de nuestra flota y la confianza que inspiramos en turistas de todo el mundo.\t<\/p>\n\n<\/div>\n\n<\/div>\n\n<\/div>\n\n\n\n<h2 class=\"wp-block-heading has-text-align-center has-ast-global-color-0-color has-text-color has-link-color wp-elements-5a0142e91e7d9efd4d4fa55fa38d95a3\" style=\"margin-top:var(--wp--preset--spacing--70);text-transform:capitalize\">Nuestros Valores<\/h2>\n\n\n<div data-spectra-id=\"spectra-mmmj8feb-fuq3zc\"\tstyle=\"overflow: visible;\" class=\"spectra-is-root-container alignfull spectra-overlay-color spectra-overflow wp-block-spectra-container\" data-orientation=\"vertical\"\t>\n\t\n<div data-spectra-id=\"spectra-mmmj8mxi-i4btxv\" style=\"overflow: visible\" class=\"spectra-overlay-color spectra-overflow wp-block-spectra-container\" data-orientation=\"vertical\">\n\t\n\n<div data-spectra-id=\"spectra-mmmjdvhy-ln674i\" class=\"wp-block-spectra-icons\">\n\t\n<div data-spectra-id=\"spectra-mmmjdwcs-g0tbke\" style=\"--spectra-text-color: var(--ast-global-color-5);--spectra-background-color: ast-global-color-0\" class=\"spectra-text-color spectra-background-color wp-block-spectra-icon has-background has-ast-global-color-0-background-color\">\n\t\t\t\t\t\t<svg class=\"spectra-icon\" xmlns=\"https:\/\/www.w3.org\/2000\/svg\" viewBox=\"0 0 512 512\" focusable=\"false\" style=\"fill: currentColor\" aria-hidden=\"true\"><path d=\"M256-.0078C260.7-.0081 265.2 1.008 269.4 2.913L457.7 82.79C479.7 92.12 496.2 113.8 496 139.1C495.5 239.2 454.7 420.7 282.4 503.2C265.7 511.1 246.3 511.1 229.6 503.2C57.25 420.7 16.49 239.2 15.1 139.1C15.87 113.8 32.32 92.12 54.3 82.79L242.7 2.913C246.8 1.008 251.4-.0081 256-.0078V-.0078z\"><\/path><\/svg>\n\t\t\t\t<\/div>\n\n<\/div>\n\n\n\n<p class=\"has-ast-global-color-0-color has-text-color has-link-color has-medium-font-size wp-elements-ddcb1e8854058331f6a702b021159465\">Seguridad<\/p>\n\n\n<div data-spectra-id=\"spectra-mmmjmhh1-8s4vrj\" style=\"overflow: visible\" class=\"spectra-overlay-color spectra-overflow wp-block-spectra-container\" data-orientation=\"vertical\">\n\t\n\n<p>Nuestra prioridad absoluta es la integridad de cada pasajero y su veh\u00edculo.<\/p>\n\n<\/div>\n\n<\/div>\n\n\n<div data-spectra-id=\"spectra-038aa19d-b48b-42d6-8395-f84ac0c00252\" style=\"overflow: visible\" class=\"spectra-overlay-color spectra-overflow wp-block-spectra-container\" data-orientation=\"vertical\">\n\t\n\n<div data-spectra-id=\"spectra-5ab8b9a0-b1aa-41a2-830d-3a7caeb0363d\" class=\"wp-block-spectra-icons\">\n\t\n<div data-spectra-id=\"spectra-4eabbdfb-67b4-4d65-ba14-6bd8f825a09d\" style=\"--spectra-text-color: var(--ast-global-color-5);--spectra-background-color: ast-global-color-0\" class=\"spectra-text-color spectra-background-color wp-block-spectra-icon has-background has-ast-global-color-0-background-color\">\n\t\t\t\t\t\t<svg class=\"spectra-icon\" xmlns=\"https:\/\/www.w3.org\/2000\/svg\" viewBox=\"0 0 640 512\" focusable=\"false\" style=\"fill: currentColor\" aria-hidden=\"true\"><path d=\"M0 383.9l64 .0404c17.75 0 32-14.29 32-32.03V128.3L0 128.3V383.9zM48 320.1c8.75 0 16 7.118 16 15.99c0 8.742-7.25 15.99-16 15.99S32 344.8 32 336.1C32 327.2 39.25 320.1 48 320.1zM348.8 64c-7.941 0-15.66 2.969-21.52 8.328L228.9 162.3C228.8 162.5 228.8 162.7 228.6 162.7C212 178.3 212.3 203.2 226.5 218.7c12.75 13.1 39.38 17.62 56.13 2.75C282.8 221.3 282.9 221.3 283 221.2l79.88-73.1c6.5-5.871 16.75-5.496 22.62 1c6 6.496 5.5 16.62-1 22.62l-26.12 23.87L504 313.7c2.875 2.496 5.5 4.996 7.875 7.742V127.1c-40.98-40.96-96.48-63.88-154.4-63.88L348.8 64zM334.6 217.4l-30 27.49c-29.75 27.11-75.25 24.49-101.8-4.371C176 211.2 178.1 165.7 207.3 138.9L289.1 64H282.5C224.7 64 169.1 87.08 128.2 127.9L128 351.8l18.25 .0369l90.5 81.82c27.5 22.37 67.75 18.12 90-9.246l18.12 15.24c15.88 12.1 39.38 10.5 52.38-5.371l31.38-38.6l5.374 4.498c13.75 11 33.88 9.002 45-4.748l9.538-11.78c11.12-13.75 9.036-33.78-4.694-44.93L334.6 217.4zM544 128.4v223.6c0 17.62 14.25 32.05 31.1 32.05L640 384V128.1L544 128.4zM592 352c-8.75 0-16-7.246-16-15.99c0-8.875 7.25-15.99 16-15.99S608 327.2 608 336.1C608 344.8 600.8 352 592 352z\"><\/path><\/svg>\n\t\t\t\t<\/div>\n\n<\/div>\n\n\n\n<p class=\"has-ast-global-color-0-color has-text-color has-link-color has-medium-font-size wp-elements-55cf3a90e94b6d6fb04ff410fe74df45\">Responsabilidad<\/p>\n\n\n<div data-spectra-id=\"spectra-4b068523-fd23-44d0-a6d8-a76e0163ef8b\" style=\"overflow: visible\" class=\"spectra-overlay-color spectra-overflow wp-block-spectra-container\" data-orientation=\"vertical\">\n\t\n\n<p>Un servicio profesional, transparente y honesto.<\/p>\n\n<\/div>\n\n<\/div>\n\n\n<div data-spectra-id=\"spectra-1f487f60-161d-4315-afc7-d571cc5ae0fe\" style=\"overflow: visible\" class=\"spectra-overlay-color spectra-overflow wp-block-spectra-container\" data-orientation=\"vertical\">\n\t\n\n<div data-spectra-id=\"spectra-d8bcae9e-a254-41ed-ac7a-f761e2bcdc90\" class=\"wp-block-spectra-icons\">\n\t\n<div data-spectra-id=\"spectra-0f9c60c4-7150-4c91-9665-8e8f0256910f\" style=\"--spectra-text-color: var(--ast-global-color-5);--spectra-background-color: ast-global-color-0\" class=\"spectra-text-color spectra-background-color wp-block-spectra-icon has-background has-ast-global-color-0-background-color\">\n\t\t\t\t\t\t<svg class=\"spectra-icon\" xmlns=\"https:\/\/www.w3.org\/2000\/svg\" viewBox=\"0 0 640 512\" focusable=\"false\" style=\"fill: currentColor\" aria-hidden=\"true\"><path d=\"M496 224c-79.63 0-144 64.38-144 144s64.38 144 144 144s144-64.38 144-144S575.6 224 496 224zM544 384h-54.25C484.4 384 480 379.6 480 374.3V304c0-8.836 7.164-16 16-16c8.838 0 16 7.164 16 16v48h32c8.838 0 16 7.164 16 15.1S552.8 384 544 384zM224 256c70.7 0 128-57.31 128-128S294.7 0 224 0C153.3 0 96 57.31 96 128S153.3 256 224 256zM320 368c0-19.3 3.221-37.82 8.961-55.2C311.9 307.2 293.6 304 274.7 304H173.3C77.61 304 0 381.7 0 477.4C0 496.5 15.52 512 34.66 512H395C349.7 480.2 320 427.6 320 368z\"><\/path><\/svg>\n\t\t\t\t<\/div>\n\n<\/div>\n\n\n\n<p class=\"has-ast-global-color-0-color has-text-color has-link-color has-medium-font-size wp-elements-f45e9b092ee7cd714c910238e29009fb\">Flexibilidad<\/p>\n\n\n<div data-spectra-id=\"spectra-db9fd9ea-70d3-4e74-9a53-cfa2b8d554c2\" style=\"overflow: visible\" class=\"spectra-overlay-color spectra-overflow wp-block-spectra-container\" data-orientation=\"vertical\">\n\t\n\n<p>Entendemos la log\u00edstica y nos adaptamos a sus necesidades.<\/p>\n\n<\/div>\n\n<\/div>\n\n\n<div data-spectra-id=\"spectra-862e8c72-adc5-4be3-af1e-b541e9933efc\" style=\"overflow: visible\" class=\"spectra-overlay-color spectra-overflow wp-block-spectra-container\" data-orientation=\"vertical\">\n\t\n\n<div data-spectra-id=\"spectra-8ef82102-62b1-400d-93cf-0a75b69c2765\" class=\"wp-block-spectra-icons\">\n\t\n<div data-spectra-id=\"spectra-96cd0cad-9fa2-41b5-9212-30e9a9e299cb\" style=\"--spectra-text-color: var(--ast-global-color-5);--spectra-background-color: ast-global-color-0\" class=\"spectra-text-color spectra-background-color wp-block-spectra-icon has-background has-ast-global-color-0-background-color\">\n\t\t\t\t\t\t<svg class=\"spectra-icon\" xmlns=\"https:\/\/www.w3.org\/2000\/svg\" viewBox=\"0 0 512 512\" focusable=\"false\" style=\"fill: currentColor\" aria-hidden=\"true\"><path d=\"M128 447.1V223.1c0-17.67-14.33-31.1-32-31.1H32c-17.67 0-32 14.33-32 31.1v223.1c0 17.67 14.33 31.1 32 31.1h64C113.7 479.1 128 465.6 128 447.1zM512 224.1c0-26.5-21.48-47.98-48-47.98h-146.5c22.77-37.91 34.52-80.88 34.52-96.02C352 56.52 333.5 32 302.5 32c-63.13 0-26.36 76.15-108.2 141.6L178 186.6C166.2 196.1 160.2 210 160.1 224c-.0234 .0234 0 0 0 0L160 384c0 15.1 7.113 29.33 19.2 38.39l34.14 25.59C241 468.8 274.7 480 309.3 480H368c26.52 0 48-21.47 48-47.98c0-3.635-.4805-7.143-1.246-10.55C434 415.2 448 397.4 448 376c0-9.148-2.697-17.61-7.139-24.88C463.1 347 480 327.5 480 304.1c0-12.5-4.893-23.78-12.72-32.32C492.2 270.1 512 249.5 512 224.1z\"><\/path><\/svg>\n\t\t\t\t<\/div>\n\n<\/div>\n\n\n\n<p class=\"has-ast-global-color-0-color has-text-color has-link-color has-medium-font-size wp-elements-b8cecce22877f131601ed0c767d347f5\">Calidad<\/p>\n\n\n<div data-spectra-id=\"spectra-9eafc3fa-0453-4802-8313-2b909f68fea1\" style=\"overflow: visible\" class=\"spectra-overlay-color spectra-overflow wp-block-spectra-container\" data-orientation=\"vertical\">\n\t\n\n<p>Botes modernos, capitanes certificados y personal atento<\/p>\n\n<\/div>\n\n<\/div>\n\n<\/div>\n","protected":false},"excerpt":{"rendered":"<p>Nuestros Valores<\/p>\n","protected":false},"author":1,"featured_media":0,"parent":0,"menu_order":0,"comment_status":"closed","ping_status":"closed","template":"","meta":{"_uag_custom_page_level_css":"","site-sidebar-layout":"no-sidebar","site-content-layout":"plain-container","ast-site-content-layout":"full-width-container","site-content-style":"unboxed","site-sidebar-style":"unboxed","ast-global-header-display":"","ast-banner-title-visibility":"","ast-main-header-display":"","ast-hfb-above-header-display":"","ast-hfb-below-header-display":"","ast-hfb-mobile-header-display":"","site-post-title":"disabled","ast-breadcrumbs-content":"","ast-featured-img":"disabled","footer-sml-layout":"","ast-disable-related-posts":"","theme-transparent-header-meta":"enabled","adv-header-id-meta":"","stick-header-meta":"","header-above-stick-meta":"","header-main-stick-meta":"","header-below-stick-meta":"","astra-migrate-meta-layouts":"set","ast-page-background-enabled":"default","ast-page-background-meta":{"desktop":{"background-color":"","background-image":"","background-repeat":"repeat","background-position":"center center","background-size":"auto","background-attachment":"scroll","background-type":"","background-media":"","overlay-type":"","overlay-color":"","overlay-opacity":"","overlay-gradient":""},"tablet":{"background-color":"","background-image":"","background-repeat":"repeat","background-position":"center center","background-size":"auto","background-attachment":"scroll","background-type":"","background-media":"","overlay-type":"","overlay-color":"","overlay-opacity":"","overlay-gradient":""},"mobile":{"background-color":"","background-image":"","background-repeat":"repeat","background-position":"center center","background-size":"auto","background-attachment":"scroll","background-type":"","background-media":"","overlay-type":"","overlay-color":"","overlay-opacity":"","overlay-gradient":""}},"ast-content-background-meta":{"desktop":{"background-color":"var(--ast-global-color-5)","background-image":"","background-repeat":"repeat","background-position":"center center","background-size":"auto","background-attachment":"scroll","background-type":"","background-media":"","overlay-type":"","overlay-color":"","overlay-opacity":"","overlay-gradient":""},"tablet":{"background-color":"var(--ast-global-color-5)","background-image":"","background-repeat":"repeat","background-position":"center center","background-size":"auto","background-attachment":"scroll","background-type":"","background-media":"","overlay-type":"","overlay-color":"","overlay-opacity":"","overlay-gradient":""},"mobile":{"background-color":"var(--ast-global-color-5)","background-image":"","background-repeat":"repeat","background-position":"center center","background-size":"auto","background-attachment":"scroll","background-type":"","background-media":"","overlay-type":"","overlay-color":"","overlay-opacity":"","overlay-gradient":""}},"footnotes":""},"class_list":["post-218","page","type-page","status-publish","hentry"],"_hostinger_reach_plugin_has_subscription_block":false,"_hostinger_reach_plugin_is_elementor":false,"uagb_featured_image_src":{"full":false,"thumbnail":false,"medium":false,"medium_large":false,"large":false,"1536x1536":false,"2048x2048":false,"trp-custom-language-flag":false,"woocommerce_thumbnail":false,"woocommerce_single":false,"woocommerce_gallery_thumbnail":false},"uagb_author_info":{"display_name":"Fabi\u00e1n Chavarr\u00eda Picado","author_link":"https:\/\/lapavonatortuguero.com\/es\/author\/fabian131408gmail-com\/"},"uagb_comment_info":0,"uagb_excerpt":"Nuestros Valores","_links":{"self":[{"href":"https:\/\/lapavonatortuguero.com\/es\/wp-json\/wp\/v2\/pages\/218","targetHints":{"allow":["GET"]}}],"collection":[{"href":"https:\/\/lapavonatortuguero.com\/es\/wp-json\/wp\/v2\/pages"}],"about":[{"href":"https:\/\/lapavonatortuguero.com\/es\/wp-json\/wp\/v2\/types\/page"}],"author":[{"embeddable":true,"href":"https:\/\/lapavonatortuguero.com\/es\/wp-json\/wp\/v2\/users\/1"}],"replies":[{"embeddable":true,"href":"https:\/\/lapavonatortuguero.com\/es\/wp-json\/wp\/v2\/comments?post=218"}],"version-history":[{"count":0,"href":"https:\/\/lapavonatortuguero.com\/es\/wp-json\/wp\/v2\/pages\/218\/revisions"}],"wp:attachment":[{"href":"https:\/\/lapavonatortuguero.com\/es\/wp-json\/wp\/v2\/media?parent=218"}],"curies":[{"name":"wp","href":"https:\/\/api.w.org\/{rel}","templated":true}]}}