{"id":2099,"date":"2026-03-13T01:14:21","date_gmt":"2026-03-13T01:14:21","guid":{"rendered":"https:\/\/lapavonatortuguero.com\/?post_type=product&#038;p=2099"},"modified":"2026-04-03T17:27:00","modified_gmt":"2026-04-03T17:27:00","slug":"bote","status":"publish","type":"product","link":"https:\/\/lapavonatortuguero.com\/es\/producto\/bote\/","title":{"rendered":"Transporte en Bote: La Pavona a Tortuguero (Ida y\/o vuelta)"},"content":{"rendered":"<h2>El Mejor Traslado en Bote a Tortuguero desde La Pavona<\/h2>\n<p data-path-to-node=\"10,1\">Disfrute de un recorrido esc\u00e9nico de aproximadamente 1 hora y 15 minutos por los exuberantes canales secundarios hasta llegar al pueblo de <b data-path-to-node=\"10,1\" data-index-in-node=\"139\">Tortuguero<\/b>. En <b data-path-to-node=\"10,1\" data-index-in-node=\"154\">Transportes T7<\/b>, nos especializamos en brindar una experiencia de transporte fluvial de primer nivel, conectando a turistas nacionales e internacionales con la biodiversidad del Parque Nacional.<\/p>\n<p data-path-to-node=\"10,2\"><b data-path-to-node=\"10,2\" data-index-in-node=\"0\">Caracter\u00edsticas de nuestro servicio:<\/b><\/p>\n<ul data-path-to-node=\"10,3\">\n<li>\n<p data-path-to-node=\"10,3,0,0\"><b data-path-to-node=\"10,3,0,0\" data-index-in-node=\"0\">Seguridad Garantizada:<\/b> Todas nuestras embarcaciones cuentan con chalecos salvavidas, seguros de navegaci\u00f3n y permisos de transporte al d\u00eda.<\/p>\n<\/li>\n<li>\n<p data-path-to-node=\"10,3,1,0\"><b data-path-to-node=\"10,3,1,0\" data-index-in-node=\"0\">Capitanes Expertos:<\/b> Navegue con locales que conocen cada curva del r\u00edo, garantizando un viaje suave y seguro.<\/p>\n<\/li>\n<li>\n<p data-path-to-node=\"10,3,2,0\"><b data-path-to-node=\"10,3,2,0\" data-index-in-node=\"0\">Comodidad para su Equipaje:<\/b> Espacio dedicado y protegido para maletas y mochilas de cualquier tama\u00f1o.<\/p>\n<\/li>\n<li>\n<p data-path-to-node=\"10,3,3,0\"><b data-path-to-node=\"10,3,3,0\" data-index-in-node=\"0\">Flexibilidad de Horarios:<\/b> Salidas coordinadas para coincidir con los tiempos de llegada de los visitantes a La Pavona.<\/p>\n<\/li>\n<\/ul>\n<p data-path-to-node=\"10,4\"><b data-path-to-node=\"10,4\" data-index-in-node=\"0\">Informaci\u00f3n del Recorrido:<\/b> El trayecto desde el embarcadero de <b data-path-to-node=\"10,4\" data-index-in-node=\"63\">La Pavona<\/b> es una experiencia en s\u00ed misma. Durante el viaje, es com\u00fan avistar aves tropicales, caimanes y monos en las orillas de los canales. Es la ruta principal y m\u00e1s eficiente para quienes viajan desde San Jos\u00e9 o Gu\u00e1piles.<\/p>\n","protected":false},"excerpt":{"rendered":"<p>Viaje de forma segura y c\u00f3moda a trav\u00e9s de los canales de Tortuguero. Nuestro servicio de transporte fluvial desde La Pavona le ofrece botes modernos, capitanes certificados y amplios espacios para su equipaje. La forma m\u00e1s r\u00e1pida y profesional de iniciar su aventura en el Caribe. <strong>Por persona<\/strong><\/p>\n","protected":false},"featured_media":2112,"comment_status":"open","ping_status":"closed","template":"","meta":{"_uag_custom_page_level_css":"","site-sidebar-layout":"default","site-content-layout":"","ast-site-content-layout":"default","site-content-style":"default","site-sidebar-style":"default","ast-global-header-display":"","ast-banner-title-visibility":"","ast-main-header-display":"","ast-hfb-above-header-display":"","ast-hfb-below-header-display":"","ast-hfb-mobile-header-display":"","site-post-title":"","ast-breadcrumbs-content":"","ast-featured-img":"","footer-sml-layout":"","ast-disable-related-posts":"","theme-transparent-header-meta":"default","adv-header-id-meta":"","stick-header-meta":"","header-above-stick-meta":"","header-main-stick-meta":"","header-below-stick-meta":"","astra-migrate-meta-layouts":"set","ast-page-background-enabled":"default","ast-page-background-meta":{"desktop":{"background-color":"","background-image":"","background-repeat":"repeat","background-position":"center center","background-size":"auto","background-attachment":"scroll","background-type":"","background-media":"","overlay-type":"","overlay-color":"","overlay-opacity":"","overlay-gradient":""},"tablet":{"background-color":"","background-image":"","background-repeat":"repeat","background-position":"center center","background-size":"auto","background-attachment":"scroll","background-type":"","background-media":"","overlay-type":"","overlay-color":"","overlay-opacity":"","overlay-gradient":""},"mobile":{"background-color":"","background-image":"","background-repeat":"repeat","background-position":"center center","background-size":"auto","background-attachment":"scroll","background-type":"","background-media":"","overlay-type":"","overlay-color":"","overlay-opacity":"","overlay-gradient":""}},"ast-content-background-meta":{"desktop":{"background-color":"var(--ast-global-color-5)","background-image":"","background-repeat":"repeat","background-position":"center center","background-size":"auto","background-attachment":"scroll","background-type":"","background-media":"","overlay-type":"","overlay-color":"","overlay-opacity":"","overlay-gradient":""},"tablet":{"background-color":"var(--ast-global-color-5)","background-image":"","background-repeat":"repeat","background-position":"center center","background-size":"auto","background-attachment":"scroll","background-type":"","background-media":"","overlay-type":"","overlay-color":"","overlay-opacity":"","overlay-gradient":""},"mobile":{"background-color":"var(--ast-global-color-5)","background-image":"","background-repeat":"repeat","background-position":"center center","background-size":"auto","background-attachment":"scroll","background-type":"","background-media":"","overlay-type":"","overlay-color":"","overlay-opacity":"","overlay-gradient":""}}},"product_brand":[],"product_cat":[26],"product_tag":[],"class_list":{"0":"post-2099","1":"product","2":"type-product","3":"status-publish","4":"has-post-thumbnail","6":"product_cat-compartido","7":"desktop-align-left","8":"tablet-align-left","9":"mobile-align-left","11":"first","12":"instock","13":"taxable","14":"shipping-taxable","15":"purchasable","16":"product-type-variable","17":"has-default-attributes"},"uagb_featured_image_src":{"full":["https:\/\/lapavonatortuguero.com\/wp-content\/uploads\/2026\/03\/Bote-toma-aerea-1-scaled.jpeg",2560,1920,false],"thumbnail":["https:\/\/lapavonatortuguero.com\/wp-content\/uploads\/2026\/03\/Bote-toma-aerea-1-150x150.jpeg",150,150,true],"medium":["https:\/\/lapavonatortuguero.com\/wp-content\/uploads\/2026\/03\/Bote-toma-aerea-1-300x225.jpeg",300,225,true],"medium_large":["https:\/\/lapavonatortuguero.com\/wp-content\/uploads\/2026\/03\/Bote-toma-aerea-1-768x576.jpeg",768,576,true],"large":["https:\/\/lapavonatortuguero.com\/wp-content\/uploads\/2026\/03\/Bote-toma-aerea-1-1024x768.jpeg",1024,768,true],"1536x1536":["https:\/\/lapavonatortuguero.com\/wp-content\/uploads\/2026\/03\/Bote-toma-aerea-1-1536x1152.jpeg",1536,1152,true],"2048x2048":["https:\/\/lapavonatortuguero.com\/wp-content\/uploads\/2026\/03\/Bote-toma-aerea-1-2048x1536.jpeg",2048,1536,true],"trp-custom-language-flag":["https:\/\/lapavonatortuguero.com\/wp-content\/uploads\/2026\/03\/Bote-toma-aerea-1-scaled.jpeg",16,12,false],"woocommerce_thumbnail":["https:\/\/lapavonatortuguero.com\/wp-content\/uploads\/2026\/03\/Bote-toma-aerea-1-300x300.jpeg",300,300,true],"woocommerce_single":["https:\/\/lapavonatortuguero.com\/wp-content\/uploads\/2026\/03\/Bote-toma-aerea-1-600x450.jpeg",600,450,true],"woocommerce_gallery_thumbnail":["https:\/\/lapavonatortuguero.com\/wp-content\/uploads\/2026\/03\/Bote-toma-aerea-1-100x100.jpeg",100,100,true]},"uagb_author_info":{"display_name":"Fabi\u00e1n Chavarr\u00eda Picado","author_link":"https:\/\/lapavonatortuguero.com\/es\/author\/"},"uagb_comment_info":0,"uagb_excerpt":"Viaje de forma segura y c\u00f3moda a trav\u00e9s de los canales de Tortuguero. Nuestro servicio de transporte fluvial desde La Pavona le ofrece botes modernos, capitanes certificados y amplios espacios para su equipaje. La forma m\u00e1s r\u00e1pida y profesional de iniciar su aventura en el Caribe. Por persona","_links":{"self":[{"href":"https:\/\/lapavonatortuguero.com\/es\/wp-json\/wp\/v2\/product\/2099","targetHints":{"allow":["GET"]}}],"collection":[{"href":"https:\/\/lapavonatortuguero.com\/es\/wp-json\/wp\/v2\/product"}],"about":[{"href":"https:\/\/lapavonatortuguero.com\/es\/wp-json\/wp\/v2\/types\/product"}],"replies":[{"embeddable":true,"href":"https:\/\/lapavonatortuguero.com\/es\/wp-json\/wp\/v2\/comments?post=2099"}],"wp:featuredmedia":[{"embeddable":true,"href":"https:\/\/lapavonatortuguero.com\/es\/wp-json\/wp\/v2\/media\/2112"}],"wp:attachment":[{"href":"https:\/\/lapavonatortuguero.com\/es\/wp-json\/wp\/v2\/media?parent=2099"}],"wp:term":[{"taxonomy":"product_brand","embeddable":true,"href":"https:\/\/lapavonatortuguero.com\/es\/wp-json\/wp\/v2\/product_brand?post=2099"},{"taxonomy":"product_cat","embeddable":true,"href":"https:\/\/lapavonatortuguero.com\/es\/wp-json\/wp\/v2\/product_cat?post=2099"},{"taxonomy":"product_tag","embeddable":true,"href":"https:\/\/lapavonatortuguero.com\/es\/wp-json\/wp\/v2\/product_tag?post=2099"}],"curies":[{"name":"wp","href":"https:\/\/api.w.org\/{rel}","templated":true}]}}